{"id":248,"date":"2007-03-05T13:47:33","date_gmt":"2007-03-05T11:47:33","guid":{"rendered":"http:\/\/www.esanu.name\/?page_id=3"},"modified":"2007-03-05T13:47:33","modified_gmt":"2007-03-05T11:47:33","slug":"despre-calculatoare-soft-si-internet","status":"publish","type":"page","link":"http:\/\/esanu.name\/vitalie\/?page_id=248","title":{"rendered":"Internet"},"content":{"rendered":"<p>\t\t\t\t<em>Vitalie E\u015fanu este cel mai t\u0103cut personaj din echipa &#8220;Contrafortului&#8221;. Poate pentru c\u0103 vorbe\u015fte toat\u0103 ziua cu un interlocutor mai special, calculatorul, pe care \u00eel cunoa\u015fte cum foarte pu\u0163ini \u00een Basarabia. Ne ajut\u0103 s\u0103 pagin\u0103m revista de ani buni, \u015fi de\u015fi are multe alte preocup\u0103ri de specialitate \u2013 este un programator apreciat \u015fi un softist solicitat de parteneri de pe alte meridiane \u2013 r\u0103m\u00e2ne \u00een compania noastr\u0103, credem, \u015fi din dorin\u0163a de a comunica cu o specie uman\u0103 mai pu\u0163in &#8220;algoritmic\u0103&#8221;: scriitorii. Am purtat \u00een ace\u015fti ani cu el numeroase discu\u0163ii despre calculatoare \u015fi universul IT &#8211; materie \u00een care eram complet&#8230; inocen\u0163i -, iar el ne-a explicat cu mult\u0103 r\u0103bdare, \u00eentr-un limbaj &#8220;laic&#8221; \u015fi economicos, unele din secretele acestei lumi a cifrelor \u015fi semnelor.<\/em><\/p>\n<p><strong>&#8211; Drag\u0103 Vitalie E\u015fanu, ascensiunea ta \u00een aceast\u0103 profesie, \u00eenc\u0103 destul de neobi\u015fnuit\u0103 pentru Moldova, este una deosebit\u0103, pentru c\u0103 reprezin\u0163i cazul clasic al copilului de la \u0163ar\u0103 care &#8220;a reu\u015fit&#8221;. Cum ai ajuns s\u0103 \u00eenve\u0163i calculatorul?<\/strong><\/p>\n<p>&#8211; \u00cen bun\u0103 m\u0103sur\u0103 datorez acest lucru unei \u00eent\u00e2mpl\u0103ri, unei &#8220;disfunc\u0163ii&#8221; administrative, dac\u0103 vrei. Frecventam de mic cercul de aviamodelism din \u015fcoal\u0103 \u2013 era pasiunea mea din acea vreme &#8211; \u015fi, din lipsa spa\u0163iului necesar pentru instruirea noastr\u0103, petreceam multe ore \u00een sala de calculatoare. Astfel, la v\u00e2rsta de 12 ani, &#8220;am f\u0103cut cuno\u015ftin\u0163\u0103&#8221; cu ceea ce numim ast\u0103zi &#8220;calculator&#8221;. Prin anul \u201988 abia ap\u0103ruser\u0103 \u00een Moldova primele PC-uri, literatura de specialitate era foarte pu\u0163in\u0103, singura carte pe care am putut-o g\u0103si la acea vreme a fost un ghid tehnic, pe care l-am recitit de vreo 5 ori, p\u00e2n\u0103 am \u00een\u0163eles c\u00e2te ceva din sumedenia de programe, coduri \u015fi scheme electrice. Mai apoi am plecat la gimnaziu, la Cahul, \u00eempreun\u0103 cu profesorul meu de informatic\u0103 din sat, \u015fi acolo deja am avut un acces ne\u00eengr\u0103dit la calculatoare, chiar \u015fi \u00een zilele de odihn\u0103.<\/p>\n<p><strong>&#8211; La ce obiecte trebuie s\u0103 fii &#8220;tare&#8221; ca s\u0103 te orientezi spre calculator, spre electronic\u0103? Unde \u0163i-ai continuat studiile \u00een acest domeniu?<\/strong><\/p>\n<p>&#8211; \u00cemi pl\u0103ceau \u015ftiin\u0163ele exacte, mai pu\u0163in limbile, istoria \u015fi filologia. Acum \u00eemi dau seama c\u0103 probabil fusesem &#8220;programat&#8221; pentru aceast\u0103 alegere. Domeniul calculatoarelor, a\u015fa cum \u015ftii, se \u00eemparte \u00een <em>hard<\/em> \u015fi <em>soft<\/em>. Pentru primul domeniu cred c\u0103 e necesar s\u0103-\u0163i plac\u0103 mai ales fizica \u015fi electronica, pentru domeniul <em>soft <\/em>mai mult matematica. Dup\u0103 absolvirea gimnaziului mi-am continuat studiile la Colegiul de Informatic\u0103 din Chi\u015fin\u0103u, unde mi-am luat bacalaureatul, apoi am urmat Universitatea Tehnic\u0103 din Moldova.<\/p>\n<p><strong>&#8211; Ce \u0163i-au oferit studiile de la Universitate: o deschidere spectaculoas\u0103 spre &#8220;tainele&#8221; calculatorului sau doar o baz\u0103 minim\u0103, pe care s\u0103-\u0163i cl\u0103de\u015fti ulterior competen\u0163a? Ai avut lectori buni, care \u0163i-au dezvoltat interesul pentru aceast\u0103 profesie, sau performan\u0163ele la care ai ajuns se datoreaz\u0103 studiului particular, mai ales acum c\u00e2nd informa\u0163ia este accesibil\u0103 pe Internet?<\/strong><\/p>\n<p>&#8211; Ascensiunea mea \u00een programare coincide cu perioada de la colegiu, \u00een cei trei ani c\u00e2t m-am aflat acolo am studiat asiduu limbajele de programare \u015fi algoritmii. De\u015fi colegiul nu-\u0163i oferea dec\u00e2t certificat de &#8220;operator de calculatoare&#8221;, eu m\u0103 sim\u0163eam un mic programator, aveam ambi\u0163ii mult mai mari. La Universitate am venit deja destul de preg\u0103tit \u00een materie, \u00eens\u0103 am continuat s\u0103 m\u0103 perfec\u0163ionez citind majoritatea c\u0103r\u0163ilor de specialitate din biblioteca universit\u0103\u0163ii. Ar trebui s\u0103 adaug c\u0103, \u00een paralel cu studiile, m\u0103 angajasem la c\u00e2teva edituri din Chi\u015fin\u0103u, unde am acumulat \u015fi o altfel de experien\u0163\u0103. Ceea ce m\u0103 interesa nu erau micile salarii cu care eram r\u0103spl\u0103tit, ci faptul c\u0103 aveam acces la calculatoare performante, mult mai &#8220;inteligente&#8221; dec\u00e2t cele de la universitate.<\/p>\n<p>Din p\u0103cate, trebuie s\u0103 constat c\u0103 \u00een profesia noastr\u0103 avem o mare problem\u0103 cu lectorii. Calculatorul \u015fi tot ce \u0163ine de aceast\u0103 zon\u0103 se dezvolt\u0103 foarte repede, e\u015fti bombardat zilnic cu informa\u0163ii noi \u015fi \u00ee\u0163i trebuie un mare devotament \u015fi o pasiune pe potriv\u0103 ca s\u0103 te &#8220;pui la curent&#8221; cu nout\u0103\u0163ile, s\u0103 nu cazi \u00een suficien\u0163\u0103 \u015fi comoditate, care \u2013 pragmatic vorbind &#8211; \u00eenseamn\u0103 \u015fi o <em>plafonare a salariz\u0103rii<\/em>. Via\u0163a e foarte dur\u0103. Majoritatea profesorilor de la noi sunt nevoi\u0163i s\u0103 studieze \u00eempreun\u0103 cu studen\u0163ii, \u00eencerc\u00e2nd &#8220;s\u0103 \u0163in\u0103 pasul&#8221; cu dinamica domeniului, dar au serioase dificult\u0103\u0163i.<\/p>\n<p><strong>-De ce nu to\u0163i absolven\u0163ii confirm\u0103 a\u015ftept\u0103rile? E nevoie \u015fi \u00een sfera voastr\u0103 de ceea ce se cheam\u0103 <em>talent, voca\u0163ie, chemare<\/em> (presupun c\u0103 sunt ni\u015fte termeni care \u00ee\u0163i sun\u0103 vetust, inadecvat, extra\u015fi din lumea &#8220;arti\u015ftilor&#8221;)? <\/strong><\/p>\n<p>&#8211; Universitatea, cum bine \u015ftii, nu ofer\u0103 nim\u0103nui nici o garan\u0163ie, totul depinde de student: de c\u00e2t de mult se dedic\u0103 studiilor, de c\u00e2t de insistent se arat\u0103 \u00een dorin\u0163a lui de a \u00een\u0163elege \u015fi asimila algoritmii matematici. \u00cen profesia noastr\u0103 e foarte mult de &#8220;tocit&#8221;, mai ales la \u00eenceput, \u015fi o parte din cei care intr\u0103 la studii renun\u0163\u0103 pe parcurs. Doar 50-60% ajung s\u0103 absolveasc\u0103 facultatea \u015fi din ei doar 4-5 devin programatori adev\u0103ra\u0163i. Acum despre talent \u015fi voca\u0163ie&#8230; Eu consider programarea mai mult o art\u0103 dec\u00e2t o \u015ftiin\u0163\u0103. Pentru a crea programe bune avem \u015fi noi nevoie de talent \u015fi inspira\u0163ie. Diferen\u0163a, \u00een opinia mea, dintre un scriitor \u015fi un programator, este aceea c\u0103 unul creeaz\u0103 av\u00e2nd \u00een fa\u0163\u0103 cititorul poten\u0163ial, al doilea creeaz\u0103 pentru calculator \u2013 o &#8220;fiin\u0163\u0103&#8221; la fel de exigent\u0103, care simte falsul, &#8220;f\u0103c\u0103tura&#8221;, \u015fi nu te crede, refuz\u0103 implantul. \u015ei pentru a fi mai explicit, mai spun \u015fi urm\u0103toarele: sunt zile c\u00e2nd nu pot scrie nici un cod (din lips\u0103 de inspira\u0163ie), iar \u00een altele lucrez c\u00e2te 20 de ore.<\/p>\n<p><strong>&#8211; Cum sunt dotate institu\u0163iile de specialitate din Moldova?Se poate spune c\u0103 m\u0103car \u00een aceast\u0103 sfer\u0103, a calculatoarelor, limba rom\u00e2n\u0103 recupereaz\u0103 terenul pierdut \u00een fa\u0163a limbii &#8220;fratelui de la R\u0103s\u0103rit&#8221; care domin\u0103 \u00een general &#8220;lumea tehnicii&#8221; \u00een Basarabia? <\/strong><\/p>\n<p>&#8211; La biblioteca universit\u0103\u0163ii era foarte pu\u0163in\u0103 literatur\u0103 \u00een limbile rom\u00e2n\u0103 \u015fi rus\u0103. Nici libr\u0103riile din Chi\u015fin\u0103u nu aveau o ofert\u0103 mai bun\u0103. Se g\u0103seau \u00een special c\u0103r\u0163i scrise \u00eentr-un limbaj popular, pentru \u00eencep\u0103tori, din seria &#8220;<em>PC pentru ton\u0163i<\/em>&#8220;. Eu mi-am f\u0103cut toate studiile doar \u00een limba rom\u00e2n\u0103. Problema e c\u0103 tot ce este legat de <em>soft<\/em> \u2013 c\u0103r\u0163i, documenta\u0163ie &#8211; e doar \u00een englez\u0103. La faza c\u00e2nd nu \u015ftii engleza, e\u015fti nevoit s\u0103 cite\u015fti traducerile \u00een rom\u00e2n\u0103 sau rus\u0103, traduceri care, de obicei, con\u0163in \u015fi erori, ceea ce le face mult mai greu de \u00een\u0163eles. A\u015f \u00eencheia r\u0103spunsul la \u00eentrebarea ta cu observa\u0163ia c\u0103 nu rusa, ci limba englez\u0103 domin\u0103 &#8220;lumea tehnicii&#8221; \u00een Basarabia. A tehnicii de calcul, \u00een orice caz. E adev\u0103rat c\u0103 mai pu\u0163in \u00een mediul comercian\u0163ilor, dominat de rusofoni, care opereaz\u0103 cu produse aduse pe filier\u0103 ruseasc\u0103.<\/p>\n<p><strong>&#8211; Unde se situeaz\u0103 Moldova \u00een ce prive\u015fte dotarea cu calculatoare? Suntem o &#8220;\u0163ar\u0103&#8221; dezvoltat\u0103, sub-dezvoltat\u0103 sau situat\u0103 mai aproape de &#8220;evul mediu&#8221;?<\/strong><\/p>\n<p>&#8211; Nu am date statistice exacte. Nici nu \u015ftiu dac\u0103 se face vreo eviden\u0163\u0103 la nivel de stat. Din observa\u0163iile mele pot spune c\u0103 sunt dotate cu un minim necesar doar \u015fcolile medii \u015fi institu\u0163iile superioare de \u00eenv\u0103\u0163\u0103m\u00e2nt, \u015fi asta gra\u0163ie unor <em>grant<\/em>-uri din str\u0103in\u0103tate. Pu\u0163ine familii din Basarabia \u00ee\u015fi pot permite luxul s\u0103 aib\u0103 un calculator \u00een cas\u0103, \u015fi acestea din Chi\u015fin\u0103u. Cred c\u0103 suntem,\u015fi \u00een acest domeniu, o \u0163ar\u0103 sub-dezvoltat\u0103.<\/p>\n<p><strong>&#8211; Ce po\u0163i s\u0103 afirmi despre calitatea calculatoarelor de pe pia\u0163a din Moldova, sosite la noi din Rusia \u015fi Ucraina? De ce nu sunt aduse direct din Occident echipamente gata asamblate, care s\u0103 ofere \u015fi o garan\u0163ie a calit\u0103\u0163ii? E vorba de costuri sau pur \u015fi simplu pia\u0163a basarabean\u0103 este prea mic\u0103 \u015fi neinteresant\u0103 pentru marile firme de calculatoare?<\/strong><\/p>\n<p>&#8211; Se pot face specula\u0163ii destul de preten\u0163ioase \u00een aceast\u0103 problem\u0103. Mie \u00eemi place s\u0103 simplific lucrurile: un calculator ori func\u0163ioneaz\u0103, ori ba. Eu mi-am asamblat primul calculator din piese disparate \u015fi trebuie s\u0103 recunosc c\u0103 mi-a f\u0103cut o mare pl\u0103cere s\u0103-i studiez toate m\u0103run\u0163i\u015furile. Apropo, acel calculator &#8220;lucreaz\u0103&#8221; p\u00e2n\u0103 ast\u0103zi \u00een calitate de server \u015fi nu a fost deconectat de la sursa de curent \u00een ultimii 2 ani. Pe mine nu m\u0103 deranjeaz\u0103 &#8220;v\u00e2nzarea&#8221; aceasta pe piese, mai ales dac\u0103 \u0163inem cont de for\u0163a noastr\u0103 financiar\u0103 foarte modest\u0103. Dar \u015fi aici apar schimb\u0103ri. Cu doar c\u00e2\u0163iva ani \u00een urm\u0103, \u00een Chi\u015fin\u0103u, predominau v\u00e2nz\u0103rile calculatoarelor f\u0103r\u0103 marc\u0103, acum firmele mari prefer\u0103 s\u0103 cumpere <em>brand<\/em>-uri.<\/p>\n<p><strong>&#8211; C\u00e2t de mare (\u00een procente) este fenomenul pirateriei pe pia\u0163a <em>soft<\/em>-ului din Moldova? Cuno\u015fti institu\u0163ii, persoane care chiar procur\u0103 produse licen\u0163iate?<\/strong><\/p>\n<p>&#8211; Ohhh! ai atins o problem\u0103 foarte delicat\u0103. Cu pirateria o ducem destul de bine \u2013 o adev\u0103rat\u0103 jungl\u0103. Dac\u0103 \u00een \u0163\u0103rile vecine s-a mai \u00eentreprins ceva pentru a mic\u015fora propor\u0163iile pirateriei, la noi nu s-a f\u0103cut aproape nimic. La calculatoarele de <em>brand<\/em> sunt deja instalate <em>Windows<\/em>-urile, cred ca unicul produs care este cel mai licen\u0163iat la noi, celelalte le po\u0163i g\u0103si la negru, la un pre\u0163 de c\u00e2\u0163iva lei sau po\u0163i s\u0103 faci <em>download<\/em> (s\u0103 extragi) de pe Internet \u015fi s\u0103 aplici un <em>crack<\/em>. Pirateria, oricum, nu va fi niciodat\u0103 st\u00e2rpit\u0103 definitiv \u015fi asta e o piedic\u0103 \u00een dezvoltarea <em>soft<\/em>-ului. \u00cens\u0103 exist\u0103 \u015fi &#8220;partea pozitiv\u0103&#8221;- ca s\u0103 m\u0103 exprim a\u015fa &#8211; a acestei activit\u0103\u0163i frauduloase: ea permite accesul la produsele scumpe, altfel imposibil de ob\u0163inut, \u015fi unor oameni s\u0103raci, cum sunt basarabenii. \u015ei nu rare sunt cazurile c\u00e2nd tocmai din \u0163\u0103rile s\u0103race provin profesioni\u015ftii de talie mondial\u0103 \u00een materie de <em>soft<\/em>. Pentru c\u0103 lipsa de bani \u00eei oblig\u0103 s\u0103-\u015fi pun\u0103 capul, imagina\u0163ia la contribu\u0163ie.<\/p>\n<p><strong>&#8211; Un stat mic cum este Moldova, desigur, nu poate oferi dec\u00e2t excelen\u0163\u0103 \u00een materie de <em>soft<\/em>. Cuno\u015fti firme basarabene care s-au afirmat deja \u00een acest domeniu pe plan interna\u0163ional?<\/strong><\/p>\n<p>&#8211; Ai perfect\u0103 dreptate. Crearea de <em>soft<\/em> necesit\u0103 cheltuieli minime \u015fi ofer\u0103, \u00een cazurile fericite, profituri maxime. Un exemplu \u00een acest sens este India, unde profitul pe <em>soft<\/em> e mai mare dec\u00e2t profitul ru\u015filor din v\u00e2nz\u0103rile de petrol. Pentru \u0163\u0103rile cu pu\u0163ine resurse naturale, cum este \u015fi Moldova, investi\u0163iile \u00een acest domeniu ar fi o solu\u0163ie pentru a sc\u0103pa de s\u0103r\u0103cie. \u00cen Basarabia sunt c\u00e2teva firme care produc <em>soft<\/em>, \u00eens\u0103 ele execut\u0103 comenzile unor corpora\u0163ii de peste hotare, \u015fi asta din simplul motiv c\u0103 salariile pe care le ofer\u0103 str\u0103inii sunt de zece ori mai mari dec\u00e2t pot c\u00e2\u015ftiga aici. Cei mai cunoscu\u0163i <em>softi\u015fti<\/em> basarabeni pe pia\u0163a interna\u0163ional\u0103 sunt cei de la <em>RitLabs,<\/em> cu produsul <em>TheBat<\/em>, de al\u0163ii nu am prea auzit.<\/p>\n<p><strong>&#8211; Se vorbe\u015fte \u00een ultimul timp foarte mult despre<em> hackeri<\/em>. Ei sunt privi\u0163i cu ne\u00eencredere, sunt temu\u0163i, &#8220;demoniza\u0163i&#8221;. C\u00e2t adev\u0103r \u015fi c\u00e2t\u0103 mitologie se ascunde \u00een spatele acestui nume? Ce este de fapt un <em>hacker<\/em>?<\/strong><\/p>\n<p>&#8211; Cu <em>hackerii<\/em> e o \u00eentreag\u0103 istorie, care \u00ee\u015fi are \u00eenceputurile de la cazul lui Kevin Mitnick. O parte a presei \u00eei consider\u0103 pe <em>hackeri<\/em> \u2013 \u00een mod eronat &#8211; cyber criminali \u015fi de aici au \u00eenceput toate confuziile. <em>Hackerul<\/em> adev\u0103rat este o persoan\u0103 studioas\u0103, care nu e obligatoriu s\u0103 aib\u0103 o calificare \u00een domeniul calculatoarelor, o persoan\u0103 cu o anumit\u0103 etic\u0103, cu o anumit\u0103 onorabilitate de profesionist, care nu-i permite s\u0103 fac\u0103 r\u0103u, s\u0103 aduc\u0103 prejudicii altor persoane. Jurnali\u015ftii confund\u0103 <em>hackerii<\/em> cu cyber criminalii (<em>crackerii<\/em>), care intr\u0103 \u00een re\u0163ea \u015fi distrug, \u015fantajeaz\u0103, fur\u0103 informa\u0163ii secrete, folosindu-se \u2013 aici e paradoxul! &#8211; de uneltele pe care le-au inventat \u015fi le-au publicat <em>hackerii<\/em> pentru folosul tuturor.<\/p>\n<p><strong>&#8211; O mare problem\u0103 pentru dezvoltarea Internetului \u015fi func\u0163ionarea po\u015ftei electronice o constituie viru\u015fii \u015fi a\u015fa-zisele <em>spam<\/em>-uri. Cum se poate contracara aceast\u0103 invazie? <\/strong><\/p>\n<p>&#8211; Viru\u015fii au existat \u015fi \u00eenainte ca lumea s\u0103 \u00eenceap\u0103 s\u0103 se foloseasc\u0103 de Internet. Ceea ce recomand eu este s\u0103 nu rulezi nici un fi\u015fier luat din surse dubioase de pe Internet \u015fi s\u0103 faci cu regularitate <em>backup<\/em> la fi\u015fierele importante pe care le ai stocate \u00een calculator. \u00cencep\u0103torii e bine s\u0103-\u015fi instaleze un program antivirus, \u00eens\u0103 nici aceste programe, oric\u00e2t de puternice, recente \u015fi sofisticate ar fi ele, nu-\u0163i asigur\u0103 o protec\u0163ie de 100%. Protocolul SMTP a fost proiectat pentru a trimite mesaje \u00eentre cunosc\u0103tori \u015fi nu au fost implementate tehnologii de confirmare a identit\u0103\u0163ii, \u00eens\u0103 odat\u0103 cu comercializarea Internetului a ap\u0103rut <em>spam<\/em>-ul (adic\u0103 &#8220;gunoiul&#8221;, &#8220;balastul&#8221;, \u00eentr-un limbaj mai pe \u00een\u0163eles). Procentajul <em>spam<\/em>-ului este de 55% din toat\u0103 po\u015fta care trece zilnic prin Internet \u015fi aceste &#8220;mesaje dezinteresate&#8221; creeaz\u0103 at\u00e2t probleme tehnice, financiare c\u00e2t \u015fi psihologice. Marile companii abia acum au \u00eenceput s\u0103 vad\u0103 adev\u0103rata problem\u0103 pe care o cauzeaz\u0103 <em>spam<\/em>-ul, \u015fi, drept urmare,au \u00eenceput s\u0103 apar\u0103 pe pia\u0163\u0103 o mul\u0163ime de programe destinate elimin\u0103rii <em>spam<\/em>-ului.<\/p>\n<p><strong>&#8211; Ce proiecte ai \u00een lucru? Po\u0163i s\u0103 le dezv\u0103lui?<\/strong><\/p>\n<p>&#8211; \u00cen prezent lucrez la versiunea a II-a a unui program pentru combaterea <em>spam<\/em>-ului, un program destul de eficient care se integreaz\u0103 \u00een Microsoft Outlook \u015fi Microsoft Outlook Express. Mai am \u00een planurile mele de viitor un <em>chat client<\/em>, un sistem p2p&#8230;<\/p>\n<p><strong>&#8211; N-ai fost tentat s\u0103 te stabile\u015fti \u00een America sau \u00eentr-o alt\u0103 \u0163ar\u0103 din Vest unde domeniul vostru e mai dezvoltat \u015fi munca computeristului este mult mai bine remunerat\u0103? Sau crezi c\u0103 se poate c\u00e2\u015ftiga onorabil \u015fi \u00een Moldova, adic\u0103 f\u0103r\u0103 a-\u0163i schimba locul de trai? <\/strong><\/p>\n<p>&#8211; Eu lucrez prin Internet, pentru mine P\u0103m\u00e2ntul nu are dimensiuni \u015fi nu are frontiere politice \u2013 sper s\u0103 nu \u015fochez prea mult cu aceast\u0103 afirma\u0163ie. Sigur c\u0103 a\u015f dori s\u0103 vizitez c\u00e2teva \u0163\u0103ri europene \u015fi Statele Unite. Apoi, a\u015f dori s\u0103 m\u0103 stabilesc cu traiul la Bucure\u015fti. \u00cen domeniul <em>soft<\/em>-ului po\u0163i c\u00e2\u015ftiga mai mult dec\u00e2t decent, indiferent de \u0163ara \u00een care locuie\u015fti, pentru c\u0103 \u00eei ai la dispozi\u0163ie pe to\u0163i poten\u0163ialii utilizatori \u015fi cump\u0103r\u0103tori de pe Internet.<\/p>\n<p><strong>&#8211; Cum se extinde \u015fi dezvolt\u0103 azi \u00een lume pia\u0163a IT? Ce este mai apreciat azi: competen\u0163a absolut\u0103, &#8220;enciclopedic\u0103&#8221; \u00een materie sau, din contr\u0103, specializarea \u00eengust\u0103, performan\u0163a \u00een sectoare separate, complementare? Crezi c\u0103 mai poate ap\u0103rea \u00een anii urm\u0103tori un nou Bill Gates, sau fenomenul lui este unic, pentru c\u0103 el a avut \u015fansa s\u0103 fie un &#8220;deschiz\u0103tor de drumuri&#8221;?<\/strong><\/p>\n<p>&#8211; Este o \u00eentrebare complex\u0103 la care se poate r\u0103spunde prin c\u00e2teva studii mari sau chiar c\u0103r\u0163i. Voi fi, dac\u0103 \u00eemi permi\u0163i, \u015fi \u00een acest caz foarte scurt. Majoritatea companiilor existente azi \u00een lume \u015fi-au luat startul de la c\u00e2teva simple idei, de la &#8220;subsolul casei&#8221;, cum se spune. \u00cen acest domeniu conteaz\u0103 doar ideile. Un t\u00e2n\u0103r specialist, talentat \u015fi bine preg\u0103tit, poate s\u0103 \u00eengenuncheze, prin ideile sale, o companie multimilionar\u0103. Deci, orice revela\u0163ie \u00een acest domeniu e oric\u00e2nd posibil\u0103.<\/p>\n<p><strong>&#8211; Cum apreciezi calitatea <em>site<\/em>-urilor din Moldova? Dar publicitatea, comer\u0163ul prin Internet ce nivel de dezvoltare a atins? <\/strong><\/p>\n<p>&#8211; Moldova, \u00een domeniul web-ului, a\u015f spune, se afl\u0103 \u00eenc\u0103 \u00een faza prunciei. Nu cred c\u0103 se va dezvolta prea mult \u015fi nici prea repede, pentru c\u0103 pia\u0163a este destul de mic\u0103 \u015fi cei care utilizeaz\u0103 Internetul sunt \u015fi ei destul de pu\u0163ini. \u00cen clipa de fa\u0163\u0103 orice webproiect trebuie \u00eentre\u0163inut din alte surse financiare. La noi web-ul se utilizeaz\u0103 mai mult pentru a se face publicitate firmelor \u015fi m\u0103rfurilor, dec\u00e2t pentru studii \u015fi distrac\u0163ii.<\/p>\n<p><strong>&#8211; Contactezi, colaborezi cu <em>softi\u015fti<\/em> rom\u00e2ni, ru\u015fi, americani?<\/strong><\/p>\n<p>&#8211; Sigur, am o mul\u0163ime de prieteni pe tot globul: indieni, americani, rom\u00e2ni, ru\u015fi&#8230; Pe mul\u0163i dintre ei \u00eei \u015ftiu doar dup\u0103 <em>nickname<\/em>-uri (porecle, nume de cod), \u00eens\u0103 comunic\u0103m des \u015fi avem destule idei comune.<\/p>\n<p><strong>&#8211; Lumea voastr\u0103, a computeri\u015ftilor, mi se pare o specie aparte. Ave\u0163i coduri de comportament, sunte\u0163i mai sobri, mai direc\u0163i \u015fi &#8211; am impresia &#8211; cu mai pu\u0163ine &#8220;ascunzi\u015furi&#8221;. V\u0103 este str\u0103in\u0103 perfidia, invidia, calculul m\u0103runt, dar pe de alt\u0103 parte nu exagera\u0163i nici cu &#8220;sufle\u0163elul&#8221;: nu v\u0103 lansa\u0163i \u00een confiden\u0163e, v\u0103 displac sentimentalismele, desc\u0103rc\u0103rile emo\u0163ionale, sunte\u0163i \u2013 a\u015f zice \u2013 ni\u015fte &#8220;anexe&#8221; ale computerului, aproape ni\u015fte androizi. Cum explici aceste particularit\u0103\u0163i de profil ale &#8220;tribului&#8221; vostru, ce v\u0103 face s\u0103 fi\u0163i altfel dec\u00e2t restul oamenilor, chiar sunte\u0163i <em>altfel<\/em>? Este o impresie superficial\u0103 a unui literat sau chiar mi-ai putea confirma unele supozi\u0163ii?<\/strong><\/p>\n<p>&#8211; Cred c\u0103 ne-ai cam &#8220;robotizat&#8221; cu portretul descris mai sus, de\u015fi, recunosc, ai f\u0103cut-o destul de expresiv. Nu m-am g\u00e2ndit niciodat\u0103 c\u0103 stirpea noastr\u0103, a &#8220;computeri\u015ftilor&#8221;, arat\u0103 chiar \u00een felul acesta \u00een ochii unui scriitor. Cum s\u0103-\u0163i r\u0103spund?&#8230; Mai \u00eent\u00e2i \u00ee\u0163i spun c\u0103 aceast\u0103 impresie a lumii despre noi este exagerat\u0103 \u015fi chiar gre\u015fit\u0103. Profesia noastr\u0103 are un limbaj aparte pe care \u00eel &#8220;vorbesc&#8221; pu\u0163ini oameni. Suntem &#8211; doar aparent &#8211; mai t\u0103cu\u0163i, dar noi comunic\u0103m foarte mult cu calculatorul. Aceast\u0103 &#8220;comunicare&#8221; (se poate \u015fi f\u0103r\u0103 ghilimele) te oblig\u0103 s\u0103 g\u00e2nde\u015fti rapid, simplu \u015fi foarte clar. Nu este loc pentru sentimente, \u00eentr-adev\u0103r, pentru c\u0103 &#8220;fiin\u0163a&#8221; din fa\u0163a ta \u2013 calculatorul (uite c\u0103 am evitat de data aceasta cacofonia) \u2013 nu \u00een\u0163elege deloc aceste sentimente.<\/p>\n<p>\u00cen via\u0163a personal\u0103, \u015ftii bine acest lucru, sunt un om c\u00e2t se poate de normal. Aici chiar m\u0103 n\u0103v\u0103lesc sentimentele uneori: mi-am \u00eencropit o familie, am grij\u0103 de p\u0103rin\u0163i, particip la bucuriile \u015fi, vai, la dramele prietenilor&#8230;, tot ce-\u0163i ofer\u0103 via\u0163a. Cu alte cuvinte, nu sunt deloc o &#8220;anex\u0103&#8221; a calculatorului, ca \u00een <em>Matrix<\/em>. Calculatorul este pentru mine doar un instrument cu care creez, zi de zi, programe. Un instrument ascult\u0103tor, care \u00ee\u0163i \u00eendepline\u015fte toate comenzile. Cu oamenii e mult mai complicat.<\/p>\n<p><strong>&#8211; \u00centre multele no\u0163iuni noi, legate de calculator, venite prin filiera limbii engleze, este \u015fi verbul &#8220;chat&#8221;, care define\u015fte o alt\u0103 form\u0103 de comunicare, prin calculator, \u00een timp real. O comunicare de o calitate &#8220;superioar\u0103&#8221;, mai sincer\u0103, mai autentic\u0103? Ce p\u0103rere ai?<span>\u00a0\u00a0 <\/span><\/strong><\/p>\n<p>&#8211; <em>Chat<\/em>-ul te ajut\u0103 s\u0103 fii \u00een contact cu oamenii care au idei comune cu ale tale. Dac\u0103 \u00een via\u0163a real\u0103 se spune c\u0103 \u00eel \u00eent\u00e2lne\u015fti pe un om dup\u0103 \u00eembr\u0103c\u0103minte \u015fi-l petreci dup\u0103 idei sau vorbe, \u00een <em>chat<\/em> nu mai e nevoie de haine, te fixezi deodat\u0103 pe idei. Acest fel de comunicare te ajut\u0103 s\u0103 vezi doar persoana din interior, s\u0103-i afli g\u00e2ndurile, s\u0103-i observi reac\u0163iile la un mesaj sau altul. De cele mai multe ori chipul acelui om cu care comunici prin <em>chat<\/em> nu se potrive\u015fte deloc cu ceea ce \u0163i-ai imaginat tu despre \u00eenf\u0103\u0163i\u015farea lui. <em>Chat<\/em>-ul e ca un pod imaginar care ajut\u0103 oamenii s\u0103-\u015fi deschid\u0103 sufletele. Uite, c\u0103 f\u0103r\u0103 &#8220;suflet&#8221; nu se poate nici \u00een epoca IT-ului!<\/p>\n<p>Dialog realizat de<strong> Vasile G\u00c2RNE\u0162<\/strong>\t\t<\/p>\n","protected":false},"excerpt":{"rendered":"<p>Vitalie E\u015fanu este cel mai t\u0103cut personaj din echipa &#8220;Contrafortului&#8221;. Poate pentru c\u0103 vorbe\u015fte toat\u0103 ziua cu un interlocutor mai special, calculatorul, pe care \u00eel cunoa\u015fte cum foarte pu\u0163ini \u00een Basarabia. Ne ajut\u0103 s\u0103 pagin\u0103m revista de ani buni, \u015fi de\u015fi are multe alte preocup\u0103ri de specialitate \u2013 este un programator apreciat \u015fi un softist &#8230; <a title=\"Internet\" class=\"read-more\" href=\"http:\/\/esanu.name\/vitalie\/?page_id=248\" aria-label=\"More on Internet\">Read more<\/a><\/p>\n","protected":false},"author":1,"featured_media":0,"parent":0,"menu_order":0,"comment_status":"open","ping_status":"open","template":"","meta":{"footnotes":""},"class_list":["post-248","page","type-page","status-publish"],"_links":{"self":[{"href":"http:\/\/esanu.name\/vitalie\/index.php?rest_route=\/wp\/v2\/pages\/248","targetHints":{"allow":["GET"]}}],"collection":[{"href":"http:\/\/esanu.name\/vitalie\/index.php?rest_route=\/wp\/v2\/pages"}],"about":[{"href":"http:\/\/esanu.name\/vitalie\/index.php?rest_route=\/wp\/v2\/types\/page"}],"author":[{"embeddable":true,"href":"http:\/\/esanu.name\/vitalie\/index.php?rest_route=\/wp\/v2\/users\/1"}],"replies":[{"embeddable":true,"href":"http:\/\/esanu.name\/vitalie\/index.php?rest_route=%2Fwp%2Fv2%2Fcomments&post=248"}],"version-history":[{"count":0,"href":"http:\/\/esanu.name\/vitalie\/index.php?rest_route=\/wp\/v2\/pages\/248\/revisions"}],"wp:attachment":[{"href":"http:\/\/esanu.name\/vitalie\/index.php?rest_route=%2Fwp%2Fv2%2Fmedia&parent=248"}],"curies":[{"name":"wp","href":"https:\/\/api.w.org\/{rel}","templated":true}]}}