{"id":247,"date":"2007-03-03T05:57:51","date_gmt":"2007-03-03T10:57:51","guid":{"rendered":"http:\/\/www.esanu.name\/vitalie\/?page_id=247"},"modified":"2007-03-03T05:57:51","modified_gmt":"2007-03-03T10:57:51","slug":"despre","status":"publish","type":"page","link":"http:\/\/esanu.name\/vitalie\/?page_id=247","title":{"rendered":"Cine sunt"},"content":{"rendered":"<p>\t\t\t\tAm f\u0103cut o pasiune pentru calculatoare la v\u00e2rsta de 12 ani (1988), \u00eencep\u00e2nd s\u0103 studiez independent calculatorul \u00eenc\u0103 de pe b\u0103ncile \u015fcolii. Am continuat aceast\u0103 preocupare la <a href=\"http:\/\/www.cric.moldnet.md\/\">Colegiul Republican de Informatic\u0103<\/a>, aprofund\u00e2ndu-mi cuno\u015ftin\u0163ele la <a href=\"http:\/\/www.utm.md\/\">Universitatea Tehnic\u0103 a Moldovei<\/a>, specialitatea <a href=\"http:\/\/www.utm.md\/romanian\/4-1-3_7-5.html\">Tehnologii Informa\u0163ionale<\/a>.<\/p>\n<p>Am participat \u015fi am fost premiat \u00een cadrul mai multor concursuri raionale, republicane \u015fi interna\u0163ionale de Fizic\u0103 \u015fi Informatic\u0103.<\/p>\n<p>\u00cen perioada studen\u0163iei am \u00eenceput s\u0103 activez \u00een domenii care cereau utilizarea calculatorului \u015fi abilit\u0103\u0163ilor de design. Am colaborat \u015fi am fost angajat prin cumul la editurile \u015etiin\u0163a, <a href=\"http:\/\/www.litera.ro\/\">Litera<\/a>, Editura Uniunii Scriitorilor, Universul, Tipografia Central\u0103, unde am implementat cu succes tehnologii de recunoa\u015ftere a caracterelor limbii rom\u00e2ne, am elaborat desing-ul m\u0103rcilor de acciz \u015fi am creat sistemul de numerotare. Am fost paginator al revistelor <a href=\"http:\/\/www.contrafort.md\/\">Contrafort<\/a> \u015fi <a href=\"http:\/\/www.utm.md\/mesager\/\">Mesager Universitar<\/a>.<\/p>\n<p>Dup\u0103 absolvirea Universit\u0103\u0163ii am fost angajat de Compania <a href=\"http:\/\/www.kpmg.com\/\">KPMG<\/a> (SUA), \u00een cadrul proiectului de implementare a <a href=\"http:\/\/www.fisc.md\/\">Reformei Fiscale<\/a> \u00een Republica Moldova, pe post de programator \u00een domeniul de securitate \u015fi transmitere a datelor.<\/p>\n<p>\u00cencep\u00e2nd cu anul 2001, activez \u00een cadrul unei companii str\u0103ine (SUA), ca manager al filialei din Republica Moldova \u015fi sunt responsabil de implementarea proiectelor. Concomitent, \u00eencep\u00e2nd cu anul 2006, \u0163in cursuri de tehnologii informa\u0163ionale, la masterat, la Universitatea Tehnic\u0103 a Moldovei.<\/p>\n<p>Din 2002 \u00eentreprinz\u0103tor \u00een IT.<\/p>\n<p>Creator <a href=\"http:\/\/www.privesc.eu\">Privesc.eu<\/a> (cel mai popular online-TV din Moldova \u0219i Rom\u00e2nia), <a href=\"http:\/\/www.codegoo.com\">CodeGoo<\/a> (aplica\u021bii pentru iPhone), <a href=\"http:\/\/www.checkgossip.com\">Gossip<\/a> (aplica\u021bie pentru b\u00e2rfe), <a href=\"http:\/\/www.blogupp.com\">BlogUpp<\/a>! (schimb de publicitate pentru bloggeri), <a href=\"http:\/\/www.electionplaform.com\">ElectionPlatform<\/a> (Plaform\u0103 de votare online), <a href=\"http:\/\/www.spambully.com\">SpamBully<\/a> (filtru de spamuri),  <a href=\" http:\/\/www.searchtoolbar.com\/\">SearchToolbar<\/a> (pe c\u00e2nd Google Toolbar nici nu ap\u0103ruse).<\/p>\n<p>\u00cen timpul liber creez soft, pe care \u00eel expun gratuit pe <a href=\"http:\/\/www.esanu.name\/software\/\">site-ul personal<\/a>.\t\t<\/p>\n","protected":false},"excerpt":{"rendered":"<p>Am f\u0103cut o pasiune pentru calculatoare la v\u00e2rsta de 12 ani (1988), \u00eencep\u00e2nd s\u0103 studiez independent calculatorul \u00eenc\u0103 de pe b\u0103ncile \u015fcolii. Am continuat aceast\u0103 preocupare la Colegiul Republican de Informatic\u0103, aprofund\u00e2ndu-mi cuno\u015ftin\u0163ele la Universitatea Tehnic\u0103 a Moldovei, specialitatea Tehnologii Informa\u0163ionale. Am participat \u015fi am fost premiat \u00een cadrul mai multor concursuri raionale, republicane \u015fi &#8230; <a title=\"Cine sunt\" class=\"read-more\" href=\"http:\/\/esanu.name\/vitalie\/?page_id=247\" aria-label=\"More on Cine sunt\">Read more<\/a><\/p>\n","protected":false},"author":1,"featured_media":0,"parent":0,"menu_order":0,"comment_status":"open","ping_status":"open","template":"","meta":{"footnotes":""},"class_list":["post-247","page","type-page","status-publish"],"_links":{"self":[{"href":"http:\/\/esanu.name\/vitalie\/index.php?rest_route=\/wp\/v2\/pages\/247","targetHints":{"allow":["GET"]}}],"collection":[{"href":"http:\/\/esanu.name\/vitalie\/index.php?rest_route=\/wp\/v2\/pages"}],"about":[{"href":"http:\/\/esanu.name\/vitalie\/index.php?rest_route=\/wp\/v2\/types\/page"}],"author":[{"embeddable":true,"href":"http:\/\/esanu.name\/vitalie\/index.php?rest_route=\/wp\/v2\/users\/1"}],"replies":[{"embeddable":true,"href":"http:\/\/esanu.name\/vitalie\/index.php?rest_route=%2Fwp%2Fv2%2Fcomments&post=247"}],"version-history":[{"count":0,"href":"http:\/\/esanu.name\/vitalie\/index.php?rest_route=\/wp\/v2\/pages\/247\/revisions"}],"wp:attachment":[{"href":"http:\/\/esanu.name\/vitalie\/index.php?rest_route=%2Fwp%2Fv2%2Fmedia&parent=247"}],"curies":[{"name":"wp","href":"https:\/\/api.w.org\/{rel}","templated":true}]}}